{"id":579,"date":"2018-10-06T17:12:48","date_gmt":"2018-10-06T15:12:48","guid":{"rendered":"http:\/\/cie.cie-sputnik.org\/?page_id=579"},"modified":"2019-04-25T15:37:20","modified_gmt":"2019-04-25T13:37:20","slug":"presentation-equipe","status":"publish","type":"page","link":"https:\/\/cie.cie-sputnik.org\/index.php\/presentation-equipe\/","title":{"rendered":"presentation equipe"},"content":{"rendered":"<div class=\"wpb-content-wrapper\"><p>[vc_row hide_row=\u00a0\u00bb1&Prime;][vc_column]<section class=\"hero-min-fullscreen flex-center py-10\" data-background=\"https:\/\/cie.cie-sputnik.org\/wp-content\/uploads\/2018\/03\/pascal_lm_nb.jpg\"  data-overlay=\"black; .8\">\n\t\t\t<div class=\"page-title-wrapper text-light\">\n\t\t\t\t<h1 class=\"page-title \">L&#039;EQUIPE<\/h1>\n\t\t\t\t<p class=\"page-subtitle\">un collectif d\u2019artistes internationaux<\/p>\n\t\t\t<\/div>\n\t\t<\/section><a href=\"#\" class=\"scroll-down\"><span><\/span><\/a>[\/vc_column][\/vc_row]<\/p>\n\n\n\n<p>[vc_row use_container=\u00a0\u00bb1&Prime; container_def_padding=\u00a0\u00bb1&Prime; text_color=\u00a0\u00bblight\u00a0\u00bb padding_top=\u00a0\u00bb13&Prime; padding_right=\u00a0\u00bb7&Prime; padding_bottom=\u00a0\u00bb13&Prime; padding_left=\u00a0\u00bb7&Prime; background_color=\u00a0\u00bb#101010&Prime;][vc_column text_color=\u00a0\u00bblight\u00a0\u00bb hide_column=\u00a0\u00bb1&Prime;]<div class=\"row\"><div class=\"col-md-3\" data-animation=\"fade-in-bottom 1.2s .2s\"><img decoding=\"async\" src=\"https:\/\/cie.cie-sputnik.org\/wp-content\/uploads\/2018\/03\/photocabine-marion.jpg\" alt=\"Marion Ra\u00efevski\"><h5 class=\"uppercase mt-5\">Marion Ra\u00efevski <small>Metteur en sc\u00e8ne \u2013 Com\u00e9dienne.<\/small><\/h5>\n\t\t\t\t\t\t<p class=\"opacity-05\">A \u00e9t\u00e9 form\u00e9e dans la compagnie de L\u2019Oeil Rond (05) et \u00e0 l\u2019\u00e9cole Jean P\u00e9rimony \u00e0 Paris. Com\u00e9dienne de th\u00e9\u00e2tre, de th\u00e9\u00e2tre de rue, chercheuse de sc\u00e8ne, constructrice. Marion travaille depuis 10 ans dans le th\u00e9\u00e2tre de rue, questionnant le rapport \u00e0 cet espace particulier et \u00e0 ces publics.\nSon  parcours artistique l\u2019am\u00e8ne \u00e0 rencontrer le cin\u00e9ma en 2006, par l\u2019interm\u00e9diaire du collectif des Films de la Lymphe, avec qui elle participe \u00e0 plusieurs tournages ainsi qu\u2019\u00e0 l\u2019organisation d\u2019un lieu d\u00e9di\u00e9 \u00e0 la vid\u00e9o pendant le Festival des Expressifs \u00e0 Poitiers en 2007 et 2008. Elle participe \u00e9galement depuis 2007 au collectif Film Fabrik (collectif de  r\u00e9alisateurs europ\u00e9ens), en tant que charg\u00e9e de production, r\u00e9gisseuse  g\u00e9n\u00e9rale, chef d\u00e9coratrice et com\u00e9dienne.\n\nElle collabore \u00e0 des workshops artistiques courant 2009, elle y rencontre des vid\u00e9astes, musiciens, performeurs, o\u00f9 elle comprend la n\u00e9cessit\u00e9 de confronter le spectacle de rue \u00e0 diff\u00e9rents modes d\u2019expressions  artistiques afin de penser et cr\u00e9er des formes hybrides. En 2009, suivant cette r\u00e9flexion, elle cr\u00e9\u00e9 la Compagnie Sputnik et monte son premier spectacle de rue \u00ab Petites tribulations du bonheur \u00bb, m\u00ealant  th\u00e9\u00e2tre, chant et machines extraordinaires. Elle travaille ensuite sur un monologue de Tchernobyl \u00ab la Supplication \u00bb  avec le musicien-constructeur Lo\u00efc Bernardeau et la violoniste  Emmanuelle Bouriaud.\nMembre active du collectif artistique Mixart Myrys de Toulouse, qu\u2019elle a int\u00e9gr\u00e9 en 2010. Ce nouveau territoire de l\u2019art regroupe des artistes du spectacle vivant et des artistes plasticiens, mus par le m\u00eame d\u00e9sir de collaboration et d\u2019interaction entre les diff\u00e9rentes pratiques.\nMarion Ra\u00efevski rencontre en 2011 la po\u00e8te Angela R. avec qui elle fera des performances interdisciplinaires, qui l\u2019emm\u00e8neront \u00e0 cr\u00e9er le projet \u00ab Parasite(S) \u00bb. Cet \u00e9v\u00e8nement transdisciplinaire portant sur la cr\u00e9ation artistique autour du th\u00e8me du Parasite, n\u00e9 en 2011 \u00e0 Poitiers, impliquera 5 artistes, puis une seconde \u00e9dition \u00e0 Mixart Myrys en 2012, invite cette fois 35 artistes en r\u00e9sidence. Elle interroge le rapport entre la performance et son public, ainsi que l\u2019influence r\u00e9ciproque qu\u2019ils se portent. En 2011, elle intervient dans le projet \u00abCr\u00e9er un film ensemble\u00bb (soutenu par la fondation de France) o\u00f9 elle rencontre l\u2019anthropologue Mickael Th\u00e9odore, avec qui elle d\u00e9cide de cr\u00e9er le Collectif M\u00e9canik de la Papier. Forts de leurs exp\u00e9riences communes, ils d\u00e9cident de cr\u00e9er le projet M\u00e9canik de papier et le spectacle ORIGAMI.<\/p><p class=\"small serif italic text-links mt-5\"><a href=\"\" target=\"_blank\"><\/a><\/p><\/div><div class=\"col-md-3\" data-animation=\"fade-in-bottom 1.2s .4s\"><img decoding=\"async\" src=\"https:\/\/cie.cie-sputnik.org\/wp-content\/uploads\/2018\/03\/Photocabine-mick.jpg\" alt=\"Mickael Th\u00e9odore\"><h5 class=\"uppercase mt-5\">Mickael Th\u00e9odore <small>Anthropologue \u2013 Ing\u00e9nieur du son.<\/small><\/h5>\n\t\t\t\t\t\t<p class=\"opacity-05\">A pass\u00e9 un brevet d\u2019\u00e9tat d\u2019\u00e9ducateur sportif en 2001 et travaille par la suite dans ce milieu  o\u00f9 il se confronte au m\u00e9tissage culturel. Son exp\u00e9rience l\u2019am\u00e8ne a mener une r\u00e9flexion sur les publics avec lesquels il travaille, il d\u00e9cide ainsi de commencer des \u00e9tudes en  anthropologie afin de mieux appr\u00e9hender cette diversit\u00e9. Ce parcours universitaire le   conduit jusqu\u2019en doctorat d\u2019anthropologie \u00e8s Dynamique des cultures et des soci\u00e9t\u00e9s; parall\u00e8lement, il exerce en tant que professeur de philosophie puis chercheur vacataire en anthropologie \u00e0 l\u2019Universit\u00e9 Lumi\u00e8re Lyon 2, ainsi qu\u2019\u00e0 l\u2019ENTPE en Sociologie des sciences. Ses analyses sur la r\u00e9ception chez les spectateurs des films de Jacques Tati l\u2019am\u00e8nent \u00e0 faire du cin\u00e9ma un objet central de recherche anthropologique. Il poursuit alors son exploration de la notion d\u2019image au sein de la semaine Sainte en Sicile.\nMicka\u00ebl Th\u00e9odore travaille actuellement sur le programme LEADER des Parcs r\u00e9gionaux en  partenariat avec la Fondation de France. Il est ainsi responsable scientifique du projet de coop\u00e9ration inter-territoriale sur les paysages industriels: dans ce cadre, il est amen\u00e9 \u00e0 faire le lien entre artistes et acteurs locaux ancr\u00e9s dans leur environnement . En 2012, il participe \u00e9galement au projet \u00ab Cr\u00e9er un film ensemble \u00bb en tant  qu\u2019ing\u00e9nieur du son o\u00f9 il rencontre Marion Raievski. Cette rencontre les am\u00e8nera \u00e0 penser un possible questionnement sur le lien entre th\u00e9\u00e2tre de rue et public, au travers de la cr\u00e9ation artistique. Et comment la rencontre de l\u2019anthropologie et la cr\u00e9ation artistique peut amener \u00e0 cr\u00e9er diff\u00e9remment.<\/p><p class=\"small serif italic text-links mt-5\"><a href=\"\" target=\"_blank\"><\/a><\/p><\/div><div class=\"col-md-3\" data-animation=\"fade-in-bottom 1.2s .6s\"><img decoding=\"async\" src=\"https:\/\/cie.cie-sputnik.org\/wp-content\/uploads\/2018\/03\/photocabine-sara.jpg\" alt=\"Sara McLaren\"><h5 class=\"uppercase mt-5\">Sara McLaren <small>Anthropologue \u2013 Plasticienne \u2013 Danseuse<\/small><\/h5>\n\t\t\t\t\t\t<p class=\"opacity-05\">N\u00e9e \u00e0 Gen\u00e8ve bien que d\u2019origine anglaise, Sara a grandi dans un milieu et un quartier multiculturels. Durant le Bachelor en Anthropologie et G\u00e9ographie qu\u2019elle effectue \u00e0 Neuch\u00e2tel et \u00e0 Grenade, deux th\u00e9matiques l\u2019occupent plus particuli\u00e8rement : l\u2019immigration et l\u2019espace public. En 2012, elle s\u00e9journe \u00e0 Paris et suit des cours dans une \u00e9cole d\u2019art afin d\u2019approfondir ses connaissances plastiques. En septembre 2012, elle rencontre Micka\u00ebl et Marion \u00e0 Marseille lors d\u2019un stage \u00e0 la FAI AR intitul\u00e9 \u00ab Trois gares pour une utopie de proximit\u00e9 \u00bb, aventure qui se poursuit par son int\u00e9gration \u00e0 la compagnie Sputnik. 2013-2015, Sara suit un Master \u00abArt dans l\u2019espace public\u00bb \u00e0 Sierre (Suisse), \u00e0 l\u2019ECAV (Ecole Cantonale d\u2019Art du Valais), \u00e9cole internationale d\u2019art dans l\u2019espace urbain. Elle y travaille sur la r\u00e9alisation d\u2019installations plastiques et sonores dans l\u2019espace public. Elle porte un regard attentif sur les relations sociales et l\u2019espace public et sait se laisser porter par la cr\u00e9ativit\u00e9 et la magie du monde du spectacle. Depuis son master elle cr\u00e9er des projets in-situ \u00e0 Gen\u00e8ve, soutenu par le fond culturel Suisse, notamment \u00abChez soi\u00bb exposition et vernissage itin\u00e9rants chez des particuliers et \u00abram\u00e8ne ta sc\u00e8ne\u00bb, projet autour des encombrants dans les rues ou comment leur donner un second souffle par l\u2019art dans l\u2019espace public. Entre ses divers engagements, Sara se consacre \u00e0 la danse et au th\u00e9\u00e2tre du mouvement. Elle propose r\u00e9guli\u00e8rement des enseignements autour des arts plastiques, de la danse, de l\u2019\u00e9criture, aupr\u00e8s de publics vari\u00e9s dans des associations tel que les Cr\u00e9ateliers. Touchant divers domaines, elle travaille aussi en tant que guide et m\u00e9diatrice au Mus\u00e9e d&#039;ethnographie de Gen\u00e8ve, ainsi qu&#039;avec l&#039;association Superlicorne afin d&#039;accompagner des personnes migrantes.<\/p><p class=\"small serif italic text-links mt-5\"><a href=\"\" target=\"_blank\"><\/a><\/p><\/div><div class=\"col-md-3\" data-animation=\"fade-in-bottom 1.2s .8s\"><img decoding=\"async\" src=\"https:\/\/cie.cie-sputnik.org\/wp-content\/uploads\/2018\/03\/photocabine_guidou.jpg\" alt=\"Guillaume Henrion, alias [GYOMH]\"><h5 class=\"uppercase mt-5\">Guillaume Henrion, alias [GYOMH] <small>Artiste Digital<\/small><\/h5>\n\t\t\t\t\t\t<p class=\"opacity-05\">Pour  GYOMH, la projection vid\u00e9o live s\u2019apparente \u00e0 une s\u00e9ance de cin\u00e9ma qui  se construit devant les yeux du spectateur. Les s\u00e9quences de films sont  mont\u00e9es en accord avec le jeu des acteurs, les r\u00e9actions du public, les  \u00e9l\u00e9ments environnants.\nLa projection vid\u00e9o comme un m\u00e9dium de mixit\u00e9 qui regroupe plusieurs disciplines et qui s\u2019adapte au spectacle.<\/p><p class=\"small serif italic text-links mt-5\"><a href=\"http:\/\/www.gyomh.fr\" target=\"_blank\">Website<\/a><a href=\"https:\/\/www.instagram.com\/gyomh\/\" target=\"_blank\">Intagram<\/a><a href=\"https:\/\/twitter.com\/gyomh\" target=\"_blank\">Twitter<\/a><a href=\"https:\/\/www.facebook.com\/GyomhVfx\/\" target=\"_blank\">Facebook<\/a><\/p><\/div><\/div><div class=\"row\"><div class=\"col-md-3\" data-animation=\"fade-in-bottom 1.2s .2s\"><img decoding=\"async\" src=\"https:\/\/cie.cie-sputnik.org\/wp-content\/uploads\/2018\/10\/david-e1539131950504.jpg\" alt=\"David Couturier\"><h5 class=\"uppercase mt-5\">David Couturier <small>Musicien, Compositeur, Sound Designer<\/small><\/h5>\n\t\t\t\t\t\t<p class=\"opacity-05\">Depuis 2000, David Couturier travaille le son sur tout type de support, sur tout type d\u2019image. Que ce soit les images cin\u00e9matographiques ou les images th\u00e9\u00e2trales, photographiques, pyrotechniques, il cherche \u00e0 cr\u00e9er des univers sonores propre \u00e0 chaque univers artistique dans lequel il est plong\u00e9.Il travaille en tant qu\u2019ing\u00e9nieur du son, monteur son et musicien, sur de nombreux courts-m\u00e9trages et notamment deux longs-m\u00e9trages, \u00abSodium Babies\u00bb en 2006 (dont la cr\u00e9ation de la bande sonore) et \u00abSucker\u00bb en 2010 pour Big Screen Entertainment. Parall\u00e8lement \u00e0 ce travail cin\u00e9matographique, il rencontre Christelle Derr\u00e9 et suit son parcours depuis 2005, travaillant le son et les lumi\u00e8res de ses spectacles pour \u00eatre au plus pr\u00e8s du travail de l\u2019image spectacle. Derni\u00e8rement, il compose et signe la cr\u00e9ation sonore et musicale de sa derni\u00e8re mise en sc\u00e8ne \u00abLa Maladie de la Mort\u00bb. Il y a peu, il fait la cr\u00e9ation sonore en quadriphonie du spectacle Pierrot le Feu de Joseph Couturier pour La F\u00eate des Lumi\u00e8res de Lyon (Place Bellecour d\u00e9cembre 2013).\n En 2017-2018 il cr\u00e9er l\u2019int\u00e9gralit\u00e9 de la musique du spectacle \u00abAlbatros\u00bb avec le collectif Hors Normes.\nIl rejoint la compagnie Sputnik en 2012, ou il compose la musique des diff\u00e9rents spectacles issu des projets \u00ab M\u00e9canik \u00bb et intervient en tant que musicien- interpr\u00e8te sur le spectacle \u00ab Origami \u00bb.\n<\/p><p class=\"small serif italic text-links mt-5\"><a href=\"http:\/\/www.coutusoundmaker.com\/\" target=\"_blank\">Website<\/a><a href=\"https:\/\/www.facebook.com\/Coutusoundmaker-1693652844287284\/\" target=\"_blank\">Facebook<\/a><\/p><\/div><div class=\"col-md-3\" data-animation=\"fade-in-bottom 1.2s .4s\"><img decoding=\"async\" src=\"https:\/\/cie.cie-sputnik.org\/wp-content\/uploads\/2018\/03\/Photocabine-Lucie-e1539132002360.jpg\" alt=\"Lucie Dumaine\"><h5 class=\"uppercase mt-5\">Lucie Dumaine <small>Com\u00e9dienne - Metteur en Sc\u00e8ne<\/small><\/h5>\n\t\t\t\t\t\t<p class=\"opacity-05\">Form\u00e9e par le Papillon Noir Th\u00e9\u00e2tre, compagnie Caennaise fond\u00e9e en 1991. Elle travaille deux \u00e9t\u00e9 de suite sur des Visites th\u00e9\u00e2tralis\u00e9es destin\u00e9es aux enfants sur l&#039;\u00eele de Tatihou, ainsi que dans diff\u00e9rents EHPAD en Basse -Normandie dans le cadre du projet Culture \u00e0 l\u2019H\u00f4pital. Elle s\u2019investit par la suite dans des projets de th\u00e9\u00e2tre--forum en lien direct avec des coll\u00e8ges, lyc\u00e9es et entreprises principalement en Basse Normandie.\nLucie poursuit sa route avec deux compagnies avec lesquelles elle travaille sur des spectacles de rue, notamment \u00ab Petites tribulations du bonheur \u00bb avec la compagnie Sputnik de Toulouse.\nPassionn\u00e9e par les ateliers th\u00e9\u00e2tre avec les amateurs, elle travaille successivement avec des groupes adultes, adolescents ou enfants lors d\u2019ateliers hebdomadaires ou de semaines de stage. Elle c\u00f4toie diff\u00e9rents publics: les enfants en situation de handicap de l\u2019Adapt \u00e0 Bayeux, les personnes \u00e2g\u00e9es de la R\u00e9sidence du Val \u00e0 H\u00e9rouville-Saint-Clair, les \u00e9l\u00e8ves de 5\u00e8me de la classe passerelle du Coll\u00e8ge Alphonse Allais de  Honfleur... etc.\nElle collabore avec Ultra Butane 12.14, compagnie de th\u00e9\u00e2tre de rue \u00e0 Caen, en tant que com\u00e9dienne et metteur en sc\u00e8ne, sur diff\u00e9rents projets.\n<\/p><p class=\"small serif italic text-links mt-5\"><a href=\"\" target=\"_blank\"><\/a><\/p><\/div><div class=\"col-md-3\" data-animation=\"fade-in-bottom 1.2s .6s\"><img decoding=\"async\" src=\"https:\/\/cie.cie-sputnik.org\/wp-content\/uploads\/2018\/03\/photocabine-julie-san.jpg\" alt=\"Julie Darramon\"><h5 class=\"uppercase mt-5\">Julie Darramon <small>R\u00e9gisseuse G\u00e9n\u00e9rale<\/small><\/h5>\n\t\t\t\t\t\t<p class=\"opacity-05\">Apr\u00e8s de multiples exp\u00e9riences d\u2019abord dans l\u2019agriculture et l\u2019\u00e9levage de ch\u00e8vres dans les Pyr\u00e9n\u00e9es, puis dans l\u2019animation socioculturelle, elle rencontre la Cie de Bals, il y a 12 ans, avec qui elle d\u00e9couvre le spectacle vivant. Elle se forme de fa\u00e7on autodidacte et petit \u00e0 petit accumule les habilitations (pyro, cordiste, permis d\u2019engins en tout genre \u2026).\nApr\u00e8s une saison de montage de chapiteaux et une multitude de belles rencontres, elle part en tourn\u00e9e avec le Cirque Aital, comme r\u00e9gisseuse lumi\u00e8re. En 2009, avec la Cie La Machine elle s\u2019envole pour le Japon o\u00f9 elle sera l\u2019assistante du r\u00e9gisseur effets sp\u00e9ciaux. \nPlus r\u00e9cemment elle a pass\u00e9 deux ans sur la route avec la Cie Subliminati et  travaille depuis plusieurs ann\u00e9es comme r\u00e9gisseuse g\u00e9n\u00e9rale pour le festival de rue de Ramonville. A c\u00f4t\u00e9 de \u00e7a elle s\u2019encorde pour des explorations naturalistes en falaises, s\u2019investit dans divers projets collectifs et associatifs.\nElle a rejoint la Cie Sputnik en 2015 pour de nouvelles aventures !<\/p><p class=\"small serif italic text-links mt-5\"><a href=\"\" target=\"_blank\"><\/a><\/p><\/div><div class=\"col-md-3\" data-animation=\"fade-in-bottom 1.2s .8s\"><h5 class=\"uppercase mt-5\">Johanne Haari <small>Chor\u00e9graphe - Performeuse<\/small><\/h5>\n\t\t\t\t\t\t<p class=\"opacity-05\">Habitante du Val d&#039;Anniviers, Johanne est form\u00e9e \u00e0 la performance \u00e0 l&#039;Acad\u00e9mie Th\u00e9\u00e2tre Dimitri avec St\u00e9phanie Lupo ainsi qu\u2019\u00e0 la danse \u00e0 la Tanz Improvisation Performance Schule \u00e0 Freiburg im Breisgau, son travail artistique se concentre sur le questionnement des normes et des conventions qui r\u00e9gissent les corps. A travers des cr\u00e9ations r\u00e9alis\u00e9es in situ, et selon des dispositifs interactifs avec le public, elle cherche \u00e0 questionner les fronti\u00e8res entre sph\u00e8re priv\u00e9e-intime et sph\u00e8re publique-collective. Elle cr\u00e9e des formes hybrides, aux fronti\u00e8res entre th\u00e9\u00e2tre, danse, actions in situ ou installations live, dans lesquelles les dimensions th\u00e9\u00e2trales, performatives, plastiques, visuelles et sonores peuvent cohabiter. Pour ses projets, elle collabore avec des artistes et des collectifs de diff\u00e9rentes disciplines (mySquare, Collectif Extrcap, Cie Autotrophe). Depuis plusieurs ann\u00e9es, elle est metteuse en sc\u00e8ne et performeuse au sein du Collectif Extrcap, un collectif d\u2019artistes qui regroupent des artistes avec une d\u00e9ficience mentale et des artistes ordinaires. Les performances multidisciplinaires du collectif STOP I NEED A CHANGE, ECHOS, MUTATIONS et r\u00e9cemment IMAGINARIUM ont \u00e9t\u00e9 pr\u00e9sent\u00e9es dans diff\u00e9rents lieux (Th\u00e9\u00e2tre Pitoeff, CENC, Mus\u00e9e Mudac, Festival Step, G\u00e9ode de mySquare au parc des Cropettes, Th\u00e9\u00e2tre de Vidy). \nEn parall\u00e8le \u00e0 son travail de cr\u00e9ation artistique, elle accorde une grande importance \u00e0 la transmission. Passionn\u00e9e par l\u2019art de la p\u00e9dagogie et l\u2019anatomie du mouvement (apr\u00e8s une premi\u00e8re formation en Sciences de l&#039;\u00c9ducation), elle donne r\u00e9guli\u00e8rement des cours et des stages en danse-improvisation en collaboration avec d\u2019autres artistes entre Sion, Sierre. Dans le Val d\u2019Anniviers, elle d\u00e9veloppe diff\u00e9rents projets artistiques en lien avec la population locale et tente de cr\u00e9er des ponts entre l\u2019agriculture de montagne et l\u2019art. Elle collabore r\u00e9guli\u00e8rement sur des projets avec diff\u00e9rentes structures socio- \u00e9ducatives valaisanne.<\/p><p class=\"small serif italic text-links mt-5\"><a href=\"\" target=\"_blank\"><\/a><\/p><\/div><\/div>[\/vc_column][\/vc_row][vc_row use_container=\u00a0\u00bb1&Prime; container_def_padding=\u00a0\u00bb1&Prime; padding_top=\u00a0\u00bb7&Prime; padding_right=\u00a0\u00bb7&Prime; padding_bottom=\u00a0\u00bb13&Prime; padding_left=\u00a0\u00bb7&Prime; bg_lines=\u00a0\u00bb1&Prime; bordered=\u00a0\u00bb1&Prime;][vc_column hide_column=\u00a0\u00bb1&Prime;]<h5 class=\"mb-8\">PASSEZ NOUS LE BONJOUR.<\/h5><div class=\"row no-gutters align-items-center p-5\">\n\t\t\t\t\t<div class=\"col-md\">\n\t\t\t\t\t\t<h2 data-animation=\"fade-in-bottom 800ms 200ms\" class=\"m-0\">Cr\u00e9ons ensemble<\/h2>\n\t\t\t\t\t<\/div>\n\t\t\t\t\t<div class=\"col-auto\">\n\t\t\t\t\t\t<a data-animation=\"fade-in-bottom 500ms 500ms\" href=\"http:\/\/cie.cie-sputnik.org\/index.php\/nous-contacter\/\" class=\"button style-7 mb-0\">Nous contacter<\/a>\n\t\t\t\t\t<\/div>\n\t\t\t\t<\/div>[\/vc_column][\/vc_row]<\/p>\n<\/div>","protected":false},"excerpt":{"rendered":"<p>[vc_row use_container=\u00a0\u00bb1&Prime; container_def_padding=\u00a0\u00bb1&Prime; text_color=\u00a0\u00bblight\u00a0\u00bb padding_top=\u00a0\u00bb13&Prime; padding_right=\u00a0\u00bb7&Prime; padding_bottom=\u00a0\u00bb13&Prime; padding_left=\u00a0\u00bb7&Prime; background_color=\u00a0\u00bb#101010&Prime;][vc_column text_color=\u00a0\u00bblight\u00a0\u00bb hide_column=\u00a0\u00bb1&Prime;][\/vc_column][\/vc_row][vc_row use_container=\u00a0\u00bb1&Prime; container_def_padding=\u00a0\u00bb1&Prime; padding_top=\u00a0\u00bb7&Prime; padding_right=\u00a0\u00bb7&Prime; padding_bottom=\u00a0\u00bb13&Prime; padding_left=\u00a0\u00bb7&Prime; bg_lines=\u00a0\u00bb1&Prime; bordered=\u00a0\u00bb1&Prime;][vc_column hide_column=\u00a0\u00bb1&Prime;][\/vc_column][\/vc_row]<\/p>\n","protected":false},"author":1,"featured_media":0,"parent":0,"menu_order":0,"comment_status":"closed","ping_status":"closed","template":"template-without-lines.php","meta":{"_EventAllDay":false,"_EventTimezone":"","_EventStartDate":"","_EventEndDate":"","_EventStartDateUTC":"","_EventEndDateUTC":"","_EventShowMap":false,"_EventShowMapLink":false,"_EventURL":"","_EventCost":"","_EventCostDescription":"","_EventCurrencySymbol":"","_EventCurrencyCode":"","_EventCurrencyPosition":"","_EventDateTimeSeparator":"","_EventTimeRangeSeparator":"","_EventOrganizerID":[],"_EventVenueID":[],"_OrganizerEmail":"","_OrganizerPhone":"","_OrganizerWebsite":"","_VenueAddress":"","_VenueCity":"","_VenueCountry":"","_VenueProvince":"","_VenueState":"","_VenueZip":"","_VenuePhone":"","_VenueURL":"","_VenueStateProvince":"","_VenueLat":"","_VenueLng":"","_VenueShowMap":false,"_VenueShowMapLink":false,"footnotes":""},"class_list":["post-579","page","type-page","status-publish","hentry"],"_links":{"self":[{"href":"https:\/\/cie.cie-sputnik.org\/index.php\/wp-json\/wp\/v2\/pages\/579","targetHints":{"allow":["GET"]}}],"collection":[{"href":"https:\/\/cie.cie-sputnik.org\/index.php\/wp-json\/wp\/v2\/pages"}],"about":[{"href":"https:\/\/cie.cie-sputnik.org\/index.php\/wp-json\/wp\/v2\/types\/page"}],"author":[{"embeddable":true,"href":"https:\/\/cie.cie-sputnik.org\/index.php\/wp-json\/wp\/v2\/users\/1"}],"replies":[{"embeddable":true,"href":"https:\/\/cie.cie-sputnik.org\/index.php\/wp-json\/wp\/v2\/comments?post=579"}],"version-history":[{"count":13,"href":"https:\/\/cie.cie-sputnik.org\/index.php\/wp-json\/wp\/v2\/pages\/579\/revisions"}],"predecessor-version":[{"id":1598,"href":"https:\/\/cie.cie-sputnik.org\/index.php\/wp-json\/wp\/v2\/pages\/579\/revisions\/1598"}],"wp:attachment":[{"href":"https:\/\/cie.cie-sputnik.org\/index.php\/wp-json\/wp\/v2\/media?parent=579"}],"curies":[{"name":"wp","href":"https:\/\/api.w.org\/{rel}","templated":true}]}}