{"id":1300,"date":"2018-10-09T12:35:59","date_gmt":"2018-10-09T10:35:59","guid":{"rendered":"http:\/\/cie.cie-sputnik.org\/?page_id=1300"},"modified":"2018-10-10T00:16:18","modified_gmt":"2018-10-09T22:16:18","slug":"politique-de-confidentialite","status":"publish","type":"page","link":"https:\/\/cie.cie-sputnik.org\/index.php\/politique-de-confidentialite\/","title":{"rendered":"Politique de Confidentialit\u00e9"},"content":{"rendered":"<div class=\"wpb-content-wrapper\"><p>[vc_row css=\u00a0\u00bb.vc_custom_1539081335601{padding-top: 20px !important;padding-right: 30px !important;padding-bottom: 10px !important;padding-left: 30px !important;border-radius: 15px !important;}\u00a0\u00bb][vc_column][vc_column_text css=\u00a0\u00bb.vc_custom_1539123367456{margin-right: 10px !important;margin-left: 10px !important;padding-top: 10px !important;padding-right: 10px !important;padding-bottom: 10px !important;padding-left: 10px !important;}\u00a0\u00bb]<\/p>\n<h1>Politique de confidentialit\u00e9.<\/h1>\n<p><strong>Introduction<\/strong><br \/>\nDevant le d\u00e9veloppement des nouveaux outils de communication, il est n\u00e9cessaire de porter une attention particuli\u00e8re \u00e0 la protection de la vie priv\u00e9e. C&rsquo;est pourquoi, nous nous engageons \u00e0 respecter la confidentialit\u00e9 des renseignements personnels que nous collectons.<\/p>\n<hr \/>\n<h2>Collecte des renseignements personnels<\/h2>\n<p>Nous collectons les renseignements suivants :<\/p>\n<ul>\n<li>Nom<\/li>\n<li>Pr\u00e9nom<\/li>\n<li>Adresse \u00e9lectronique<\/li>\n<\/ul>\n<p>Les renseignements personnels que nous collectons sont recueillis au travers de formulaires et gr\u00e2ce \u00e0 l&rsquo;interactivit\u00e9 \u00e9tablie entre vous et notre site Web. Nous utilisons \u00e9galement, comme indiqu\u00e9 dans la section suivante, des fichiers t\u00e9moins et\/ou journaux pour r\u00e9unir des informations vous concernant.<\/p>\n<hr \/>\n<h2>Formulaires\u00a0 et interactivit\u00e9:<\/h2>\n<p>Vos renseignements personnels sont collect\u00e9s par le biais de formulaire, \u00e0 savoir :<\/p>\n<p>Nous utilisons les renseignements ainsi collect\u00e9s pour les finalit\u00e9s suivantes :<\/p>\n<p>Vos renseignements sont \u00e9galement collect\u00e9s par le biais de l&rsquo;interactivit\u00e9 pouvant s&rsquo;\u00e9tablir entre vous et notre site Web et ce, de la fa\u00e7on suivante:<\/p>\n<ul>\n<li>Contact<\/li>\n<\/ul>\n<p>Nous utilisons les renseignements ainsi collect\u00e9s pour les finalit\u00e9s suivantes :<\/p>\n<ul>\n<li>Commentaires<\/li>\n<li>Correspondance<\/li>\n<li>Informations ou pour des offres promotionnelles<\/li>\n<\/ul>\n<hr \/>\n<h2>Droit d&rsquo;opposition et de retrait<\/h2>\n<p>Nous nous engageons \u00e0 vous offrir un droit d&rsquo;opposition et de retrait quant \u00e0 vos renseignements personnels.<br \/>\nLe droit d&rsquo;opposition s&rsquo;entend comme \u00e9tant la possiblit\u00e9 offerte aux internautes de refuser que leurs renseignements personnels soient utilis\u00e9es \u00e0 certaines fins mentionn\u00e9es lors de la collecte.<\/p>\n<p>Le droit de retrait s&rsquo;entend comme \u00e9tant la possiblit\u00e9 offerte aux internautes de demander \u00e0 ce que leurs renseignements personnels ne figurent plus, par exemple, dans une liste de diffusion.<\/p>\n<p>Pour pouvoir exercer ces droits, vous pouvez :<br \/>\nCourrier : Cie Sputnik 2 bis boulevard Carnot, R\u00e9almont 81120<br \/>\nMail : compagniesputnik@gmail.com<br \/>\nSection du site web :\u00a0http:\/\/cie.cie-sputnik.org\/index.php\/data-access-request\/<\/p>\n<hr \/>\n<h2>Droit d&rsquo;acc\u00e8s<\/h2>\n<p>Nous nous engageons \u00e0 reconna\u00eetre un droit d&rsquo;acc\u00e8s et de rectification aux personnes concern\u00e9es d\u00e9sireuses de consulter, modifier, voire radier les informations les concernant.<br \/>\nL&rsquo;exercice de ce droit se fera :<br \/>\nCourrier : Cie Sputnik 2 bis boulevard Carnot, R\u00e9almont 81120<br \/>\nMail : compagniesputnik@gmail.com<br \/>\nSection du site web :\u00a0http:\/\/cie.cie-sputnik.org\/index.php\/data-access-request\/<\/p>\n<hr \/>\n<h2>S\u00e9curit\u00e9<\/h2>\n<p>Les renseignements personnels que nous collectons sont conserv\u00e9s dans un environnement s\u00e9curis\u00e9. Les personnes travaillant pour nous sont tenues de respecter la confidentialit\u00e9 de vos informations.<br \/>\nPour assurer la s\u00e9curit\u00e9 de vos renseignements personnels, nous avons recours aux mesures suivantes :<\/p>\n<ul>\n<li>Protocole SSL (Secure Sockets Layer)<\/li>\n<li>Gestion des acc\u00e8s &#8211; personne autoris\u00e9e<\/li>\n<li>Gestion des acc\u00e8s &#8211; personne concern\u00e9e<\/li>\n<li>Logiciel de surveillance du r\u00e9seau<\/li>\n<li>Sauvegarde informatique<\/li>\n<li>Identifiant \/ mot de passe<\/li>\n<li>Pare-feu (Firewalls)<\/li>\n<\/ul>\n<p>Nous nous engageons \u00e0 maintenir un haut degr\u00e9 de confidentialit\u00e9 en int\u00e9grant les derni\u00e8res innovations technologiques permettant d&rsquo;assurer la confidentialit\u00e9 de vos transactions. Toutefois, comme aucun m\u00e9canisme n&rsquo;offre une s\u00e9curit\u00e9 maximale, une part de risque est toujours pr\u00e9sente lorsque l&rsquo;on utilise Internet pour transmettre des renseignements personnels.<\/p>\n<hr \/>\n<h2>L\u00e9gislation<\/h2>\n<p>Nous nous engageons \u00e0 respecter les dispositions l\u00e9gislatives \u00e9nonc\u00e9es dans :<br \/>\nloi n\u00b0 2018-493 du 20 juin 2018[\/vc_column_text]<hr class=\"separator-left mt-5 mb-5\"><a href=\"http:\/\/cie.cie-sputnik.org\/index.php\/data-access-request\/\" class=\"button style-4\">Demande d&#039;acc\u00e8s aux donn\u00e9es<\/a>[\/vc_column][\/vc_row]<\/p>\n<\/div>","protected":false},"excerpt":{"rendered":"<p>[vc_row css=\u00a0\u00bb.vc_custom_1539081335601{padding-top: 20px !important;padding-right: 30px !important;padding-bottom: 10px !important;padding-left: 30px !important;border-radius: 15px !important;}\u00a0\u00bb][vc_column][vc_column_text css=\u00a0\u00bb.vc_custom_1539123367456{margin-right: 10px !important;margin-left: 10px !important;padding-top: 10px !important;padding-right: 10px !important;padding-bottom: 10px !important;padding-left: 10px !important;}\u00a0\u00bb] Politique de confidentialit\u00e9. Introduction Devant [&hellip;]<\/p>\n","protected":false},"author":1,"featured_media":0,"parent":0,"menu_order":0,"comment_status":"closed","ping_status":"closed","template":"template-without-lines.php","meta":{"_EventAllDay":false,"_EventTimezone":"","_EventStartDate":"","_EventEndDate":"","_EventStartDateUTC":"","_EventEndDateUTC":"","_EventShowMap":false,"_EventShowMapLink":false,"_EventURL":"","_EventCost":"","_EventCostDescription":"","_EventCurrencySymbol":"","_EventCurrencyCode":"","_EventCurrencyPosition":"","_EventDateTimeSeparator":"","_EventTimeRangeSeparator":"","_EventOrganizerID":[],"_EventVenueID":[],"_OrganizerEmail":"","_OrganizerPhone":"","_OrganizerWebsite":"","_VenueAddress":"","_VenueCity":"","_VenueCountry":"","_VenueProvince":"","_VenueState":"","_VenueZip":"","_VenuePhone":"","_VenueURL":"","_VenueStateProvince":"","_VenueLat":"","_VenueLng":"","_VenueShowMap":false,"_VenueShowMapLink":false,"footnotes":""},"class_list":["post-1300","page","type-page","status-publish","hentry"],"_links":{"self":[{"href":"https:\/\/cie.cie-sputnik.org\/index.php\/wp-json\/wp\/v2\/pages\/1300","targetHints":{"allow":["GET"]}}],"collection":[{"href":"https:\/\/cie.cie-sputnik.org\/index.php\/wp-json\/wp\/v2\/pages"}],"about":[{"href":"https:\/\/cie.cie-sputnik.org\/index.php\/wp-json\/wp\/v2\/types\/page"}],"author":[{"embeddable":true,"href":"https:\/\/cie.cie-sputnik.org\/index.php\/wp-json\/wp\/v2\/users\/1"}],"replies":[{"embeddable":true,"href":"https:\/\/cie.cie-sputnik.org\/index.php\/wp-json\/wp\/v2\/comments?post=1300"}],"version-history":[{"count":10,"href":"https:\/\/cie.cie-sputnik.org\/index.php\/wp-json\/wp\/v2\/pages\/1300\/revisions"}],"predecessor-version":[{"id":1336,"href":"https:\/\/cie.cie-sputnik.org\/index.php\/wp-json\/wp\/v2\/pages\/1300\/revisions\/1336"}],"wp:attachment":[{"href":"https:\/\/cie.cie-sputnik.org\/index.php\/wp-json\/wp\/v2\/media?parent=1300"}],"curies":[{"name":"wp","href":"https:\/\/api.w.org\/{rel}","templated":true}]}}