{"id":1267,"date":"2018-10-08T16:59:48","date_gmt":"2018-10-08T14:59:48","guid":{"rendered":"http:\/\/cie.cie-sputnik.org\/?page_id=1267"},"modified":"2018-10-10T02:34:44","modified_gmt":"2018-10-10T00:34:44","slug":"histoire","status":"publish","type":"page","link":"https:\/\/cie.cie-sputnik.org\/index.php\/histoire\/","title":{"rendered":"Histoire"},"content":{"rendered":"<div class=\"wpb-content-wrapper\"><p>[vc_row padding_top=\u00a0\u00bb2&Prime; padding_right=\u00a0\u00bb7&Prime; padding_bottom=\u00a0\u00bb5&Prime; padding_left=\u00a0\u00bb7&Prime; background_color=\u00a0\u00bb#ffffff\u00a0\u00bb][vc_column]<div>\n                        <p class=\"small uppercase bold mb-4\" data-animation=\"fade-in-bottom 1000ms 300ms\"><\/p>\n            \t\t        <h1 data-animation=\"fade-in-bottom 1300ms 500ms\">Un peu d'histoire<\/h1>\n            \t\t\t<p class=\"small serif mt-5\" data-animation=\"fade-in-bottom 1500ms 400ms\"><\/p>\n                    <\/div>[vc_column_text]<\/p>\n<h6><span style=\"font-weight: 400;\">Marion Raievski cr\u00e9er la compagnie Sputnik en 2009, et avec la com\u00e9dienne Chlo\u00e9 Spick, monte le premier spectacle de la compagnie,\u00a0Les petites tribulations du bonheur, m\u00ealant th\u00e9\u00e2tre, chant et machines extraordinaires. Il sera cr\u00e9\u00e9 lors de diff\u00e9rentes r\u00e9sidences d\u2019\u00e9criture notamment \u00e0 L\u2019Atelier 231, CNAR de Sotteville les Rouens et au Moulin Fondu, CNAR de Noisy le sec.<\/span><\/h6>\n<p>[\/vc_column_text][\/vc_column][\/vc_row][vc_row css_animation=\u00a0\u00bbfadeInLeft\u00a0\u00bb margin_right=\u00a0\u00bb7&Prime; margin_left=\u00a0\u00bb7&Prime; padding_top=\u00a0\u00bb5&Prime;][vc_column][vc_column_text]<\/p>\n<h5><span style=\"font-weight: 400;\">2010<\/span><\/h5>\n<h6><span style=\"font-weight: 400;\">La compagnie monte un monologue de Tchernobyl issu du reccueil\u00a0\u00ab\u00a0La supplication\u00a0\u00bbde Svetlana Alexievitch. C\u2019est une cr\u00e9ation m\u00e9langeant la performances th\u00e9\u00e2trale et musicale ( violoniste) et une recherche sur des capteurs sonores coupl\u00e9s \u00e0 des radios. Le spectacle sera jou\u00e9 plusieurs fois \u00e0 Poitiers notamment.<\/span><\/h6>\n<p>[\/vc_column_text][\/vc_column][\/vc_row][vc_row css_animation=\u00a0\u00bbfadeInRight\u00a0\u00bb margin_right=\u00a0\u00bb7&Prime; margin_left=\u00a0\u00bb7&Prime; padding_top=\u00a0\u00bb5&Prime;][vc_column][vc_column_text]<\/p>\n<h5><span style=\"font-weight: 400;\">2011<\/span><\/h5>\n<h6><span style=\"font-weight: 400;\">la compagnie Sputnik d\u00e9m\u00e9nage en r\u00e9gion MIDI-PYRENEES, \u00e0 Toulouse.<\/span><span style=\"font-weight: 400;\"><br \/>\n<\/span><span style=\"font-weight: 400;\">Cette m\u00eame ann\u00e9e l\u2019\u00e9quipe de la compagnie collabore \u00e0 des workshops artistiques, avec des vid\u00e9astes, musiciens, performeurs, o\u00f9 elle comprend la n\u00e9cessit\u00e9 de confronter le spectacle de rue \u00e0 diff\u00e9rents modes d\u2019expressions\u00a0 artistiques afin de penser et cr\u00e9er des formes hybrides.<\/span><span style=\"font-weight: 400;\"><br \/>\n<\/span><span style=\"font-weight: 400;\">La compagnie cr\u00e9er donc le projet\u00a0Parasite(S), Cet \u00e9v\u00e9nement transdisciplinaire portant sur la cr\u00e9ation artistique autour du th\u00e8me du Parasite, voit le jour \u00e0 Zoprod \u00e0 Poitiers, une seconde \u00e9dition faite \u00e0 Mixart Myrys \u00e0 Toulouse, invite cette fois 35 artistes internationaux en r\u00e9sidence. Elle interroge le rapport entre la performance et son public, ainsi que l\u2019influence r\u00e9ciproque qu\u2019ils se portent.<\/span><\/h6>\n<p>[\/vc_column_text][\/vc_column][\/vc_row][vc_row css_animation=\u00a0\u00bbfadeInLeft\u00a0\u00bb margin_right=\u00a0\u00bb7&Prime; margin_left=\u00a0\u00bb7&Prime; padding_top=\u00a0\u00bb5&Prime;][vc_column][vc_column_text]<\/p>\n<h5><span style=\"font-weight: 400;\">2012<\/span><\/h5>\n<h6><span style=\"font-weight: 400;\">Suite \u00e0 la rencontre avec l\u2019anthropologue\u00a0 Micka\u00ebl Th\u00e9odore, la compagnie d\u00e9cide suivre un nouveau chemin et de monter avec Sara McLaren et GYOMH, le Projet M\u00e9canik, projet in-situ en immersion longue \u00e0 la crois\u00e9 du th\u00e9\u00e2tre de rue, de l\u2019anthropologie et de la vid\u00e9o.<\/span><span style=\"font-weight: 400;\"><br \/>\n<\/span><span style=\"font-weight: 400;\">D\u00e9but de r\u00e9sidences de montage du projet et de recherche sur les m\u00e9thodologies d\u2019approche et d\u2019\u00e9criture.<\/span><\/h6>\n<p>[\/vc_column_text][\/vc_column][\/vc_row][vc_row css_animation=\u00a0\u00bbfadeInRight\u00a0\u00bb margin_right=\u00a0\u00bb7&Prime; margin_left=\u00a0\u00bb7&Prime; padding_top=\u00a0\u00bb5&Prime;][vc_column][vc_column_text]<\/p>\n<h6><span style=\"font-weight: 400;\">Les projets \u00ab\u00a0M\u00e9canik\u00a0\u00bb deviennent les projets phares de territoire de la compagnie.<\/span><\/h6>\n<p>[\/vc_column_text][\/vc_column][\/vc_row][vc_row css_animation=\u00a0\u00bbfadeInLeft\u00a0\u00bb margin_right=\u00a0\u00bb7&Prime; margin_left=\u00a0\u00bb7&Prime; padding_top=\u00a0\u00bb5&Prime;][vc_column][vc_column_text]<\/p>\n<h5><span style=\"font-weight: 400;\">2013<\/span><\/h5>\n<h6><span style=\"font-weight: 400;\">R\u00e9sidence de territoire de 9 mois sur la commune de Lautrec (Tarn). Rencontre avec les habitants, entretiens anthropologique, travail de m\u00e9diation autours du projet. \u00c9criture et mise en sc\u00e8ne du spectacle. La restitution du spectacle sera jou\u00e9 le 13 juillet 2013 \u00e0 Lautrec pour une unique repr\u00e9sentation, plus de mille personne viendront assister au spectacle.<\/span><\/h6>\n<h6><span style=\"font-weight: 400;\">R\u00e9\u00e9criture du spectacle \u00ab\u00a0Les Petites tribulations du bonheur\u00a0\u00bb en version d\u00e9ambulatoire post \u00e0 post.<\/span><\/h6>\n<p>[\/vc_column_text][\/vc_column][\/vc_row][vc_row css_animation=\u00a0\u00bbfadeInLeft\u00a0\u00bb margin_right=\u00a0\u00bb7&Prime; margin_left=\u00a0\u00bb7&Prime; padding_top=\u00a0\u00bb5&Prime;][vc_column][vc_column_text]<\/p>\n<h5><span style=\"font-weight: 400;\">2014-2015<\/span><\/h5>\n<h6><span style=\"font-weight: 400;\">Apr\u00e8s une r\u00e9sidence au th\u00e9\u00e2tre de la Bertoche dans le cadre de \u00ab\u00a0Le Mans fait son cirque\u00a0\u00bb, avec un public mixte\u00a0: personnes en situation de handicape et public du th\u00e9\u00e2tre, la compagnie\u00a0d\u00e9veloppe, un nouveau concept de vid\u00e9oprojection mobile et autonome et d\u00e9cide de cr\u00e9er le spectacle\u00a0ORIGAMI (cycle M\u00e9canik du bonheur). La compagnie finalise ainsi son objectif artistique et social en cr\u00e9ant un projet participatif et \u00e9volutif dans l\u2019espace urbain. Le projet \u00ab\u00a0Origami, M\u00e9canik du bonheur\u00a0\u00bb est choisi par l\u2019association La L\u00e9zarde et la communaut\u00e9 de commune du Quercy-blanc pour une R\u00e9sidence de territoire de 6 mois entre Janvier et Juin 2015. Le projet est soutenu par la DRAC MIDI-PYRENEES et l\u2019ADDA du Lot, l&rsquo;inspection acad\u00e9mique de Toulouse, le conseil g\u00e9n\u00e9ral de Haute-Garonne et la Spedidam. La compagnie est \u00e9galement\u00a0 laur\u00e9ate de la Bourse Toulous\u2019up avec ce projet.<\/span><\/h6>\n<h6><span style=\"font-weight: 400;\">De ce projet na\u00eetra un spectacle grand format en tourn\u00e9e \u00a0\u00ab\u00a0ORIGAMI cycle m\u00e9canik du bonheur\u00bb spectacle d\u00e9ambulatoire.<\/span><\/h6>\n<p>[\/vc_column_text][\/vc_column][\/vc_row][vc_row css_animation=\u00a0\u00bbfadeInRight\u00a0\u00bb margin_right=\u00a0\u00bb7&Prime; margin_left=\u00a0\u00bb7&Prime; padding_top=\u00a0\u00bb5&Prime;][vc_column][vc_column_text]<\/p>\n<h5><span style=\"font-weight: 400;\">2016<\/span><\/h5>\n<h6><span style=\"font-weight: 400;\">R\u00e9sidence de territoire M\u00e9canik du vivre ensemble cycle 2 \u00e0 Toulouse durant 9 mois dans le cadre de \u00a0l\u2019appel \u00e0 projets Toulouse exp\u00e9rimentation culturelle.<\/span><\/h6>\n<h6><span style=\"font-weight: 400;\">Nouvelle cr\u00e9ation bilingue fran\u00e7ais\/ Langue des signes fran\u00e7aise : Box &amp; Vox : crieuses et signeuses publiques en espace urbain. <\/span><\/h6>\n<h6><span style=\"font-weight: 400;\">Cr\u00e9ation d&rsquo;un solo\u00a0: \u00ab\u00a0Aux origines du monde, contes traditionnels inuit\u00a0\u00bb par Marion Raievski accompagn\u00e9e des dessins de Sara McLaren.<\/span><\/h6>\n<p>[\/vc_column_text][\/vc_column][\/vc_row][vc_row css_animation=\u00a0\u00bbfadeInLeft\u00a0\u00bb margin_right=\u00a0\u00bb7&Prime; margin_left=\u00a0\u00bb7&Prime; padding_top=\u00a0\u00bb5&Prime;][vc_column][vc_column_text]<\/p>\n<h5><span style=\"font-weight: 400;\">2017<\/span><\/h5>\n<h6><span style=\"font-weight: 400;\">Nouvelle r\u00e9sidence de cr\u00e9ation \u00abLa place de la rencontre\u00bb \u00e0 Conques sur orbiel, dans le cadre du dispositif Ode \u00e0 la rue r\u00e9sidence de 6 mois avec cr\u00e9ation d&rsquo;une balade-spectacle et \u00e9dition d&rsquo;un livre \u00ab\u00a0La place des rencontres\u00a0\u00bb. <\/span><\/h6>\n<h6><span style=\"font-weight: 400;\">R\u00e9sidence de cr\u00e9ation \u00abM\u00e9canik du bonheur\u00bb pour la ville de Sierre durant 9 mois, dans le cadre de la programmation Hors les murs du TLH -sierre soutenu par Art en partage &#8211; canton du Valais et la Loterie Romande.<\/span><\/h6>\n<p>[\/vc_column_text][\/vc_column][\/vc_row][vc_row css_animation=\u00a0\u00bbfadeInUp\u00a0\u00bb use_container=\u00a0\u00bb1&Prime; container_def_padding=\u00a0\u00bb1&Prime; margin_right=\u00a0\u00bb15&Prime; margin_bottom=\u00a0\u00bb13&Prime; margin_left=\u00a0\u00bb15&Prime; split_section=\u00a0\u00bb1&Prime; css=\u00a0\u00bb.vc_custom_1539131628005{margin-bottom: 13px !important;}\u00a0\u00bb][vc_column width=\u00a0\u00bb1\/3&Prime;]<hr class=\"separator-left mt-5\"><div class=\"row no-gutters align-items-center p-5\">\n\t\t\t\t\t<div class=\"col-md\">\n\t\t\t\t\t\t<h2 data-animation=\"fade-in-bottom 800ms 200ms\" class=\"m-0\">Retour<\/h2>\n\t\t\t\t\t<\/div>\n\t\t\t\t\t<div class=\"col-auto\">\n\t\t\t\t\t\t<a data-animation=\"fade-in-bottom 500ms 500ms\" href=\"http:\/\/cie.cie-sputnik.org\/index.php\/presentation-compagnie\/\" class=\"button style-7 mb-0\"><\/a>\n\t\t\t\t\t<\/div>\n\t\t\t\t<\/div>[\/vc_column][\/vc_row]<\/p>\n<\/div>","protected":false},"excerpt":{"rendered":"<p>[vc_row padding_top=\u00a0\u00bb2&Prime; padding_right=\u00a0\u00bb7&Prime; padding_bottom=\u00a0\u00bb5&Prime; padding_left=\u00a0\u00bb7&Prime; background_color=\u00a0\u00bb#ffffff\u00a0\u00bb][vc_column][vc_column_text] Marion Raievski cr\u00e9er la compagnie Sputnik en 2009, et avec la com\u00e9dienne Chlo\u00e9 Spick, monte le premier spectacle de la compagnie,\u00a0Les petites tribulations du [&hellip;]<\/p>\n","protected":false},"author":1,"featured_media":0,"parent":0,"menu_order":0,"comment_status":"closed","ping_status":"closed","template":"template-normal.php","meta":{"_EventAllDay":false,"_EventTimezone":"","_EventStartDate":"","_EventEndDate":"","_EventStartDateUTC":"","_EventEndDateUTC":"","_EventShowMap":false,"_EventShowMapLink":false,"_EventURL":"","_EventCost":"","_EventCostDescription":"","_EventCurrencySymbol":"","_EventCurrencyCode":"","_EventCurrencyPosition":"","_EventDateTimeSeparator":"","_EventTimeRangeSeparator":"","_EventOrganizerID":[],"_EventVenueID":[],"_OrganizerEmail":"","_OrganizerPhone":"","_OrganizerWebsite":"","_VenueAddress":"","_VenueCity":"","_VenueCountry":"","_VenueProvince":"","_VenueState":"","_VenueZip":"","_VenuePhone":"","_VenueURL":"","_VenueStateProvince":"","_VenueLat":"","_VenueLng":"","_VenueShowMap":false,"_VenueShowMapLink":false,"footnotes":""},"class_list":["post-1267","page","type-page","status-publish","hentry"],"_links":{"self":[{"href":"https:\/\/cie.cie-sputnik.org\/index.php\/wp-json\/wp\/v2\/pages\/1267","targetHints":{"allow":["GET"]}}],"collection":[{"href":"https:\/\/cie.cie-sputnik.org\/index.php\/wp-json\/wp\/v2\/pages"}],"about":[{"href":"https:\/\/cie.cie-sputnik.org\/index.php\/wp-json\/wp\/v2\/types\/page"}],"author":[{"embeddable":true,"href":"https:\/\/cie.cie-sputnik.org\/index.php\/wp-json\/wp\/v2\/users\/1"}],"replies":[{"embeddable":true,"href":"https:\/\/cie.cie-sputnik.org\/index.php\/wp-json\/wp\/v2\/comments?post=1267"}],"version-history":[{"count":8,"href":"https:\/\/cie.cie-sputnik.org\/index.php\/wp-json\/wp\/v2\/pages\/1267\/revisions"}],"predecessor-version":[{"id":1357,"href":"https:\/\/cie.cie-sputnik.org\/index.php\/wp-json\/wp\/v2\/pages\/1267\/revisions\/1357"}],"wp:attachment":[{"href":"https:\/\/cie.cie-sputnik.org\/index.php\/wp-json\/wp\/v2\/media?parent=1267"}],"curies":[{"name":"wp","href":"https:\/\/api.w.org\/{rel}","templated":true}]}}